{"id":6,"date":"2021-05-25T14:04:03","date_gmt":"2021-05-25T12:04:03","guid":{"rendered":"http:\/\/voyagebleublancrouge.com\/?page_id=6"},"modified":"2021-05-31T14:57:30","modified_gmt":"2021-05-31T12:57:30","slug":"voyager-en-france-cette-annee","status":"publish","type":"page","link":"https:\/\/voyagebleublancrouge.com\/","title":{"rendered":"Et si vous restiez en France cette ann\u00e9e ?"},"content":{"rendered":"\n<div class=\"wp-block-group alignwide\"><div class=\"wp-block-group__inner-container\">\n<div class=\"wp-block-group\"><div class=\"wp-block-group__inner-container\">\n<h2 class=\"has-text-align-center\" style=\"font-size:35px\">Nous sommes des agents de voyages passionn\u00e9s de d\u00e9paysement, bas\u00e9s en Provence aux portes de la Camargue et nous vous donnons les cl\u00e9s de notre belle r\u00e9gion, le temps de journ\u00e9es d&#8217;activit\u00e9s, organis\u00e9es dans les moindres d\u00e9tails, pour vous, par nous. <\/h2>\n<\/div><\/div>\n\n\n\n<p><a href=\"http:\/\/provenceetevasions.com\/decouvrir-la-provence\/\" data-type=\"URL\" data-id=\"http:\/\/provenceetevasions.com\/decouvrir-la-provence\/\">Contactez-nous pour recevoir nos offre de journ\u00e9es &#8220;exp\u00e9riences&#8221;.<\/a> <\/p>\n<\/div><\/div>\n\n\n\n<figure class=\"wp-block-gallery alignfull columns-1 is-cropped\"><ul class=\"blocks-gallery-grid\"><li class=\"blocks-gallery-item\"><figure><img loading=\"lazy\" width=\"1920\" height=\"1080\" src=\"http:\/\/voyagebleublancrouge.com\/wp-content\/uploads\/2021\/05\/Journee-dactivites-en-Camargue-flamands-roses.jpg\" alt=\"activit\u00e9s \u00e0 faire en Camargue\" data-id=\"14\" data-full-url=\"http:\/\/voyagebleublancrouge.com\/wp-content\/uploads\/2021\/05\/Journee-dactivites-en-Camargue-flamands-roses.jpg\" data-link=\"http:\/\/voyagebleublancrouge.com\/?attachment_id=14\" class=\"wp-image-14\" srcset=\"https:\/\/voyagebleublancrouge.com\/wp-content\/uploads\/2021\/05\/Journee-dactivites-en-Camargue-flamands-roses.jpg 1920w, https:\/\/voyagebleublancrouge.com\/wp-content\/uploads\/2021\/05\/Journee-dactivites-en-Camargue-flamands-roses-300x169.jpg 300w, https:\/\/voyagebleublancrouge.com\/wp-content\/uploads\/2021\/05\/Journee-dactivites-en-Camargue-flamands-roses-1024x576.jpg 1024w, https:\/\/voyagebleublancrouge.com\/wp-content\/uploads\/2021\/05\/Journee-dactivites-en-Camargue-flamands-roses-768x432.jpg 768w, https:\/\/voyagebleublancrouge.com\/wp-content\/uploads\/2021\/05\/Journee-dactivites-en-Camargue-flamands-roses-1536x864.jpg 1536w, https:\/\/voyagebleublancrouge.com\/wp-content\/uploads\/2021\/05\/Journee-dactivites-en-Camargue-flamands-roses-1200x675.jpg 1200w\" sizes=\"(max-width: 1920px) 100vw, 1920px\" \/><\/figure><\/li><\/ul><\/figure>\n\n\n\n<div class=\"wp-block-group alignwide\"><div class=\"wp-block-group__inner-container\">\n<h2 class=\"has-text-align-center has-text-color\" style=\"color:#0055a4\">\u201c Le monde est un livre. Ceux qui ne voyagent pas n&#8217;en lisent qu&#8217;une page.\u201d<\/h2>\n<\/div><\/div>\n\n\n\n<p class=\"has-drop-cap\">Vous avez d\u00e9j\u00e0 organis\u00e9 votre s\u00e9jour en Provence et en Camargue ? Vous avez envie de d\u00e9marrer votre s\u00e9jour par une journ\u00e9e authentique ? Ludique ? Ou vous serez totalement pris en charge ?<\/p>\n\n\n\n<p>Nous sommes une agence de voyage en France, nous sommes une \u00e9quipe profond\u00e9ment immerg\u00e9e dans notre territoire et nous avons imagin\u00e9 pour vous, des journ\u00e9es 100% d\u00e9couverte, 100% s\u00e9r\u00e9nit\u00e9, 100% authentiques. <\/p>\n\n\n\n<p>Vous \u00eates pris en charge du d\u00e9but \u00e0 la fin de la journ\u00e9e, nous vous avons r\u00e9serv\u00e9 le meilleur de chaque destination.<\/p>\n\n\n\n<figure class=\"wp-block-gallery aligncenter columns-1 is-cropped\"><ul class=\"blocks-gallery-grid\"><li class=\"blocks-gallery-item\"><figure><img loading=\"lazy\" width=\"1024\" height=\"368\" src=\"http:\/\/voyagebleublancrouge.com\/wp-content\/uploads\/2021\/05\/Provence-PE-1024x368.jpg\" alt=\"\" data-id=\"15\" data-full-url=\"http:\/\/voyagebleublancrouge.com\/wp-content\/uploads\/2021\/05\/Provence-PE.jpg\" data-link=\"http:\/\/voyagebleublancrouge.com\/index.php\/voyager-en-france-cette-annee\/provence-plateau-de-valensole\/\" class=\"wp-image-15\" srcset=\"https:\/\/voyagebleublancrouge.com\/wp-content\/uploads\/2021\/05\/Provence-PE-1024x368.jpg 1024w, https:\/\/voyagebleublancrouge.com\/wp-content\/uploads\/2021\/05\/Provence-PE-300x108.jpg 300w, https:\/\/voyagebleublancrouge.com\/wp-content\/uploads\/2021\/05\/Provence-PE-768x276.jpg 768w, https:\/\/voyagebleublancrouge.com\/wp-content\/uploads\/2021\/05\/Provence-PE.jpg 1156w\" sizes=\"(max-width: 1024px) 100vw, 1024px\" \/><\/figure><\/li><\/ul><\/figure>\n\n\n\n<figure class=\"wp-block-gallery columns-1 is-cropped\"><ul class=\"blocks-gallery-grid\"><li class=\"blocks-gallery-item\"><figure><img loading=\"lazy\" width=\"1024\" height=\"683\" src=\"http:\/\/voyagebleublancrouge.com\/wp-content\/uploads\/2021\/05\/Journee-dactivites-en-Camargue-chevaux-et-flamands-1024x683.jpg\" alt=\"\" data-id=\"39\" data-full-url=\"http:\/\/voyagebleublancrouge.com\/wp-content\/uploads\/2021\/05\/Journee-dactivites-en-Camargue-chevaux-et-flamands.jpg\" data-link=\"http:\/\/voyagebleublancrouge.com\/index.php\/voyager-en-france-cette-annee\/journee-dactivites-en-camargue-chevaux-et-flamands\/\" class=\"wp-image-39\" srcset=\"https:\/\/voyagebleublancrouge.com\/wp-content\/uploads\/2021\/05\/Journee-dactivites-en-Camargue-chevaux-et-flamands-1024x683.jpg 1024w, https:\/\/voyagebleublancrouge.com\/wp-content\/uploads\/2021\/05\/Journee-dactivites-en-Camargue-chevaux-et-flamands-300x200.jpg 300w, https:\/\/voyagebleublancrouge.com\/wp-content\/uploads\/2021\/05\/Journee-dactivites-en-Camargue-chevaux-et-flamands-768x512.jpg 768w, https:\/\/voyagebleublancrouge.com\/wp-content\/uploads\/2021\/05\/Journee-dactivites-en-Camargue-chevaux-et-flamands-1536x1024.jpg 1536w, https:\/\/voyagebleublancrouge.com\/wp-content\/uploads\/2021\/05\/Journee-dactivites-en-Camargue-chevaux-et-flamands-1200x800.jpg 1200w, https:\/\/voyagebleublancrouge.com\/wp-content\/uploads\/2021\/05\/Journee-dactivites-en-Camargue-chevaux-et-flamands.jpg 1920w\" sizes=\"(max-width: 1024px) 100vw, 1024px\" \/><\/figure><\/li><\/ul><\/figure>\n\n\n\n<p class=\"has-text-align-center\"><a href=\"http:\/\/provenceetevasions.com\/decouvrir-la-provence\/\" data-type=\"URL\" data-id=\"http:\/\/provenceetevasions.com\/decouvrir-la-provence\/\">Cliquez ICI pour d\u00e9couvrir nos journ\u00e9es exp\u00e9riences<\/a> <\/p>\n","protected":false},"excerpt":{"rendered":"<p>Vous avez d\u00e9j\u00e0 organis\u00e9 votre s\u00e9jour en Provence et en Camargue ? Vous avez envie de d\u00e9marrer votre s\u00e9jour par une journ\u00e9e authentique ? Ludique ? Ou vous serez totalement pris en charge ? Nous sommes une agence de voyage en France, nous sommes une \u00e9quipe profond\u00e9ment immerg\u00e9e dans notre territoire et nous avons imagin\u00e9 [&hellip;]<\/p>\n","protected":false},"author":1,"featured_media":0,"parent":0,"menu_order":0,"comment_status":"closed","ping_status":"closed","template":"","meta":[],"_links":{"self":[{"href":"https:\/\/voyagebleublancrouge.com\/index.php\/wp-json\/wp\/v2\/pages\/6"}],"collection":[{"href":"https:\/\/voyagebleublancrouge.com\/index.php\/wp-json\/wp\/v2\/pages"}],"about":[{"href":"https:\/\/voyagebleublancrouge.com\/index.php\/wp-json\/wp\/v2\/types\/page"}],"author":[{"embeddable":true,"href":"https:\/\/voyagebleublancrouge.com\/index.php\/wp-json\/wp\/v2\/users\/1"}],"replies":[{"embeddable":true,"href":"https:\/\/voyagebleublancrouge.com\/index.php\/wp-json\/wp\/v2\/comments?post=6"}],"version-history":[{"count":8,"href":"https:\/\/voyagebleublancrouge.com\/index.php\/wp-json\/wp\/v2\/pages\/6\/revisions"}],"predecessor-version":[{"id":46,"href":"https:\/\/voyagebleublancrouge.com\/index.php\/wp-json\/wp\/v2\/pages\/6\/revisions\/46"}],"wp:attachment":[{"href":"https:\/\/voyagebleublancrouge.com\/index.php\/wp-json\/wp\/v2\/media?parent=6"}],"curies":[{"name":"wp","href":"https:\/\/api.w.org\/{rel}","templated":true}]}}